{"id":3889,"date":"2026-04-08T20:12:35","date_gmt":"2026-04-08T20:12:35","guid":{"rendered":"https:\/\/sodraledit.com\/farhultm\/?page_id=3889"},"modified":"2026-04-08T20:12:38","modified_gmt":"2026-04-08T20:12:38","slug":"hyresvillkor","status":"publish","type":"page","link":"https:\/\/sodraledit.com\/farhultm\/hyresvillkor\/","title":{"rendered":"Hyresvillkor"},"content":{"rendered":"<p>[et_pb_section fb_built=&#8221;1&#8243; theme_builder_area=&#8221;post_content&#8221; _builder_version=&#8221;4.27.6&#8243; _module_preset=&#8221;default&#8221;][et_pb_row _builder_version=&#8221;4.27.6&#8243; _module_preset=&#8221;default&#8221; background_image=&#8221;https:\/\/sodraledit.com\/farhultm\/wp-content\/uploads\/2026\/03\/15.jpg&#8221; parallax=&#8221;on&#8221; custom_margin=&#8221;|auto|3px|auto||&#8221; custom_padding=&#8221;||226px|||&#8221; global_colors_info=&#8221;{}&#8221; theme_builder_area=&#8221;post_content&#8221;][et_pb_column type=&#8221;4_4&#8243; _builder_version=&#8221;4.27.6&#8243; _module_preset=&#8221;default&#8221; global_colors_info=&#8221;{}&#8221; theme_builder_area=&#8221;post_content&#8221;][et_pb_text _builder_version=&#8221;4.27.6&#8243; _module_preset=&#8221;default&#8221; text_font=&#8221;|||on|||||&#8221; text_text_color=&#8221;#FFFFFF&#8221; text_font_size=&#8221;56px&#8221; background_layout=&#8221;dark&#8221; hover_enabled=&#8221;0&#8243; global_colors_info=&#8221;{}&#8221; theme_builder_area=&#8221;post_content&#8221; sticky_enabled=&#8221;0&#8243;]<\/p>\n<p>Hyresvillkor<\/p>\n<p>[\/et_pb_text][\/et_pb_column][\/et_pb_row][et_pb_row _builder_version=&#8221;4.27.6&#8243; _module_preset=&#8221;default&#8221; theme_builder_area=&#8221;post_content&#8221;][et_pb_column _builder_version=&#8221;4.27.6&#8243; _module_preset=&#8221;default&#8221; type=&#8221;4_4&#8243; theme_builder_area=&#8221;post_content&#8221;][et_pb_text _builder_version=&#8221;4.27.6&#8243; _module_preset=&#8221;default&#8221; theme_builder_area=&#8221;post_content&#8221; hover_enabled=&#8221;0&#8243; sticky_enabled=&#8221;0&#8243;]<\/p>\n<ul>\n<li data-hveid=\"CAMQAA\"><span class=\"T286Pc\" data-sfc-cp=\"\"><strong class=\"Yjhzub\">Anv\u00e4ndning och Tid:<\/strong> Lokalen f\u00e5r endast anv\u00e4ndas f\u00f6r det avtalade \u00e4ndam\u00e5let och under den tid som fastst\u00e4llts i kontraktet.<\/span><\/li>\n<li data-hveid=\"CAMQAQ\"><span class=\"T286Pc\" data-sfc-cp=\"\"><strong class=\"Yjhzub\">St\u00e4dning och \u00c5terst\u00e4llande:<\/strong> Lokalen ska \u00e5terl\u00e4mnas st\u00e4dad, vilket ofta inkluderar avtorkning av ytor, sopning\/moppning av golv och bortforsling av sopor.<\/span><\/li>\n<li data-hveid=\"CAMQAg\"><span class=\"T286Pc\" data-sfc-cp=\"\"><strong class=\"Yjhzub\">S\u00e4kerhet och Brandskydd:<\/strong> Hyresg\u00e4sten \u00e4r skyldig att k\u00e4nna till brandf\u00f6reskrifter och s\u00e4kerst\u00e4lla att utrymningsv\u00e4gar inte blockeras.<\/span><\/li>\n<li data-hveid=\"CAMQAw\"><span class=\"T286Pc\" data-sfc-cp=\"\"><strong class=\"Yjhzub\">Ansvar och F\u00f6rs\u00e4kring:<\/strong> F\u00f6reningen ansvarar oftast f\u00f6r skador som uppst\u00e5r under hyrestiden och b\u00f6r ha en egen f\u00f6rs\u00e4kring.<\/span><\/li>\n<li data-hveid=\"CAMQBA\"><span class=\"T286Pc\" data-sfc-cp=\"\"><strong class=\"Yjhzub\">Betalning och Deposition:<\/strong> Hyra betalas ofta i f\u00f6rskott, ibland via Swish, och en depositionsavgift kan kr\u00e4vas f\u00f6r att t\u00e4cka eventuella st\u00e4d- eller skadekostnader.<\/span><\/li>\n<li data-hveid=\"CAMQBQ\"><span class=\"T286Pc\" data-sfc-cp=\"\"><strong class=\"Yjhzub\">Nyckelhantering:<\/strong> F\u00f6rlorad nyckel ers\u00e4tts av hyrestagaren<\/span><\/li>\n<\/ul>\n<p>[\/et_pb_text][\/et_pb_column][\/et_pb_row][\/et_pb_section]<\/p>\n","protected":false},"excerpt":{"rendered":"<p>Hyresvillkor Anv\u00e4ndning och Tid: Lokalen f\u00e5r endast anv\u00e4ndas f\u00f6r det avtalade \u00e4ndam\u00e5let och under den tid som fastst\u00e4llts i kontraktet. St\u00e4dning och \u00c5terst\u00e4llande: Lokalen ska \u00e5terl\u00e4mnas st\u00e4dad, vilket ofta inkluderar avtorkning av ytor, sopning\/moppning av golv och bortforsling av sopor. S\u00e4kerhet och Brandskydd: Hyresg\u00e4sten \u00e4r skyldig att k\u00e4nna till brandf\u00f6reskrifter och s\u00e4kerst\u00e4lla att utrymningsv\u00e4gar inte [&hellip;]<\/p>\n","protected":false},"author":1,"featured_media":0,"parent":0,"menu_order":0,"comment_status":"closed","ping_status":"closed","template":"","meta":{"_et_pb_use_builder":"on","_et_pb_old_content":"","_et_gb_content_width":"","footnotes":""},"class_list":["post-3889","page","type-page","status-publish","hentry"],"_links":{"self":[{"href":"https:\/\/sodraledit.com\/farhultm\/wp-json\/wp\/v2\/pages\/3889","targetHints":{"allow":["GET"]}}],"collection":[{"href":"https:\/\/sodraledit.com\/farhultm\/wp-json\/wp\/v2\/pages"}],"about":[{"href":"https:\/\/sodraledit.com\/farhultm\/wp-json\/wp\/v2\/types\/page"}],"author":[{"embeddable":true,"href":"https:\/\/sodraledit.com\/farhultm\/wp-json\/wp\/v2\/users\/1"}],"replies":[{"embeddable":true,"href":"https:\/\/sodraledit.com\/farhultm\/wp-json\/wp\/v2\/comments?post=3889"}],"version-history":[{"count":2,"href":"https:\/\/sodraledit.com\/farhultm\/wp-json\/wp\/v2\/pages\/3889\/revisions"}],"predecessor-version":[{"id":3894,"href":"https:\/\/sodraledit.com\/farhultm\/wp-json\/wp\/v2\/pages\/3889\/revisions\/3894"}],"wp:attachment":[{"href":"https:\/\/sodraledit.com\/farhultm\/wp-json\/wp\/v2\/media?parent=3889"}],"curies":[{"name":"wp","href":"https:\/\/api.w.org\/{rel}","templated":true}]}}