{"id":3681,"date":"2026-04-07T18:44:41","date_gmt":"2026-04-07T18:44:41","guid":{"rendered":"https:\/\/sodraledit.com\/farhultm\/?page_id=3681"},"modified":"2026-04-08T19:53:14","modified_gmt":"2026-04-08T19:53:14","slug":"mollan-i-byn","status":"publish","type":"page","link":"https:\/\/sodraledit.com\/farhultm\/mollan-i-byn\/","title":{"rendered":"M\u00f6llan i byn"},"content":{"rendered":"<p>[et_pb_section fb_built=&#8221;1&#8243; _builder_version=&#8221;4.16&#8243; global_colors_info=&#8221;{}&#8221;][et_pb_row _builder_version=&#8221;4.27.6&#8243; _module_preset=&#8221;default&#8221; background_image=&#8221;https:\/\/sodraledit.com\/farhultm\/wp-content\/uploads\/2026\/03\/15.jpg&#8221; parallax=&#8221;on&#8221; custom_margin=&#8221;|auto|3px|auto||&#8221; custom_padding=&#8221;||226px|||&#8221; global_colors_info=&#8221;{}&#8221;][et_pb_column type=&#8221;4_4&#8243; _builder_version=&#8221;4.27.6&#8243; _module_preset=&#8221;default&#8221; global_colors_info=&#8221;{}&#8221;][et_pb_text _builder_version=&#8221;4.27.6&#8243; _module_preset=&#8221;default&#8221; text_font=&#8221;|||on|||||&#8221; text_text_color=&#8221;#FFFFFF&#8221; text_font_size=&#8221;56px&#8221; background_layout=&#8221;dark&#8221; global_colors_info=&#8221;{}&#8221;]<\/p>\n<p>M\u00f6llan i byn<\/p>\n<p>[\/et_pb_text][\/et_pb_column][\/et_pb_row][et_pb_row _builder_version=&#8221;4.27.6&#8243; _module_preset=&#8221;default&#8221; global_colors_info=&#8221;{}&#8221;][et_pb_column type=&#8221;4_4&#8243; _builder_version=&#8221;4.27.6&#8243; _module_preset=&#8221;default&#8221; global_colors_info=&#8221;{}&#8221;][et_pb_text _builder_version=&#8221;4.27.6&#8243; _module_preset=&#8221;default&#8221; global_colors_info=&#8221;{}&#8221;]<\/p>\n<h3 class=\"textheading3 mobile-oversized\" style=\"text-align: center;\"><span class=\"textheading3 mobile-oversized\">Nedan finns tre dokument med information om M\u00f6llans historia<\/span><\/h3>\n<p>[\/et_pb_text][et_pb_divider color=&#8221;#aed7b3&#8243; divider_weight=&#8221;30px&#8221; _builder_version=&#8221;4.27.6&#8243; _module_preset=&#8221;default&#8221; hover_enabled=&#8221;0&#8243; global_colors_info=&#8221;{}&#8221; sticky_enabled=&#8221;0&#8243;][\/et_pb_divider][\/et_pb_column][\/et_pb_row][et_pb_row column_structure=&#8221;1_5,3_5,1_5&#8243; _builder_version=&#8221;4.16&#8243; background_size=&#8221;initial&#8221; background_position=&#8221;top_left&#8221; background_repeat=&#8221;repeat&#8221; global_colors_info=&#8221;{}&#8221;][et_pb_column type=&#8221;1_5&#8243; _builder_version=&#8221;4.16&#8243; custom_padding=&#8221;|||&#8221; global_colors_info=&#8221;{}&#8221; custom_padding__hover=&#8221;|||&#8221;][\/et_pb_column][et_pb_column type=&#8221;3_5&#8243; _builder_version=&#8221;4.16&#8243; custom_padding=&#8221;|||&#8221; global_colors_info=&#8221;{}&#8221; custom_padding__hover=&#8221;|||&#8221;][et_pb_text _builder_version=&#8221;4.27.6&#8243; background_size=&#8221;initial&#8221; background_position=&#8221;top_left&#8221; background_repeat=&#8221;repeat&#8221; global_colors_info=&#8221;{}&#8221;]<\/p>\n<div class=\"Preview_componentWrapper__2i4QI\" data-id=\"0BFE1378-5C17-4915-8130-D73D3EB64B0B\" data-kind=\"TEXT\">\n<div class=\"Preview_component__SbiKo text-align-null\" data-in-template=\"false\" data-id=\"0BFE1378-5C17-4915-8130-D73D3EB64B0B\" data-kind=\"Component\" data-specific-kind=\"TEXT\">\n<div class=\"styles_contentContainer__lrPIa textnormal styles_text__3jGMu styles_invalidateHighlightAndShadows__2W3IH White themeTextClass\" data-mve-font-change=\"0\">\n<h1 class=\"textheading1 mobile-oversized\"><strong>M\u00f6llans utveckling<\/strong><\/h1>\n<\/div>\n<\/div>\n<\/div>\n\n<h1 class=\"textheading1 mobile-oversized\"><strong>M\u00f6llebyggare<\/strong><\/h1>\n\n<div class=\"Preview_componentWrapper__2i4QI\" data-id=\"2B08CA09-5568-4F63-8022-55CCE9B37230\" data-kind=\"TEXT\">\n<div class=\"Preview_component__SbiKo text-align-null\" data-in-template=\"false\" data-id=\"2B08CA09-5568-4F63-8022-55CCE9B37230\" data-kind=\"Component\" data-specific-kind=\"TEXT\">\n<div class=\"styles_contentContainer__lrPIa textnormal styles_text__3jGMu styles_invalidateHighlightAndShadows__2W3IH White themeTextClass\" data-mve-font-change=\"0\">\n<h1 class=\"textheading1 mobile-oversized\"><strong>Intervju med \u00c5ke Johansson<\/strong><\/h1>\n<\/div>\n<\/div>\n<\/div>\n\n<p>[\/et_pb_text][\/et_pb_column][et_pb_column type=&#8221;1_5&#8243; _builder_version=&#8221;4.16&#8243; custom_padding=&#8221;|||&#8221; global_colors_info=&#8221;{}&#8221; custom_padding__hover=&#8221;|||&#8221;][\/et_pb_column][\/et_pb_row][\/et_pb_section]<\/p>\n","protected":false},"excerpt":{"rendered":"<p>M\u00f6llan i bynNedan finns tre dokument med information om M\u00f6llans historia M\u00f6llans utveckling  M\u00f6llebyggare  Intervju med \u00c5ke Johansson <\/p>\n","protected":false},"author":1,"featured_media":0,"parent":0,"menu_order":0,"comment_status":"closed","ping_status":"closed","template":"","meta":{"_et_pb_use_builder":"on","_et_pb_old_content":"<div class=\"Preview_componentWrapper__2i4QI\" data-id=\"0BFE1378-5C17-4915-8130-D73D3EB64B0B\" data-kind=\"TEXT\"><div class=\"Preview_component__SbiKo text-align-null\" data-in-template=\"false\" data-id=\"0BFE1378-5C17-4915-8130-D73D3EB64B0B\" data-kind=\"Component\" data-specific-kind=\"TEXT\"><div class=\"styles_contentContainer__lrPIa textnormal styles_text__3jGMu styles_invalidateHighlightAndShadows__2W3IH White themeTextClass\" data-mve-font-change=\"0\"><h1 class=\"textheading1 mobile-oversized\"><strong>M\u00f6llans utveckling<\/strong><\/h1><\/div><\/div><\/div><p>[pdfjs-viewer url=\"https:\/\/sodraledit.com\/farhultm\/wp-content\/uploads\/2026\/04\/mollansutveckling.pdf\" attachment_id=\"3844\" viewer_width=100% viewer_height=800px fullscreen=true download=true print=true]<\/p><p>[pdfjs-viewer url=\"https:\/\/sodraledit.com\/farhultm\/wp-content\/uploads\/2026\/04\/intervjumedmollebyggareivarjonsson.pdf\" attachment_id=\"3850\" viewer_width=100% viewer_height=800px fullscreen=true download=true print=true]<\/p><p>[pdfjs-viewer url=\"https:\/\/sodraledit.com\/farhultm\/wp-content\/uploads\/2026\/04\/intervjumedakejohansson.pdf\" attachment_id=\"3852\" viewer_width=100% viewer_height=800px fullscreen=true download=true print=true]<\/p>","_et_gb_content_width":"","footnotes":""},"class_list":["post-3681","page","type-page","status-publish","hentry"],"_links":{"self":[{"href":"https:\/\/sodraledit.com\/farhultm\/wp-json\/wp\/v2\/pages\/3681","targetHints":{"allow":["GET"]}}],"collection":[{"href":"https:\/\/sodraledit.com\/farhultm\/wp-json\/wp\/v2\/pages"}],"about":[{"href":"https:\/\/sodraledit.com\/farhultm\/wp-json\/wp\/v2\/types\/page"}],"author":[{"embeddable":true,"href":"https:\/\/sodraledit.com\/farhultm\/wp-json\/wp\/v2\/users\/1"}],"replies":[{"embeddable":true,"href":"https:\/\/sodraledit.com\/farhultm\/wp-json\/wp\/v2\/comments?post=3681"}],"version-history":[{"count":17,"href":"https:\/\/sodraledit.com\/farhultm\/wp-json\/wp\/v2\/pages\/3681\/revisions"}],"predecessor-version":[{"id":3873,"href":"https:\/\/sodraledit.com\/farhultm\/wp-json\/wp\/v2\/pages\/3681\/revisions\/3873"}],"wp:attachment":[{"href":"https:\/\/sodraledit.com\/farhultm\/wp-json\/wp\/v2\/media?parent=3681"}],"curies":[{"name":"wp","href":"https:\/\/api.w.org\/{rel}","templated":true}]}}