{"id":3673,"date":"2026-04-07T18:43:48","date_gmt":"2026-04-07T18:43:48","guid":{"rendered":"https:\/\/sodraledit.com\/farhultm\/?page_id=3673"},"modified":"2026-04-08T20:19:22","modified_gmt":"2026-04-08T20:19:22","slug":"bokningar","status":"publish","type":"page","link":"https:\/\/sodraledit.com\/farhultm\/bokningar\/","title":{"rendered":"Bokningar"},"content":{"rendered":"<p>[et_pb_section fb_built=&#8221;1&#8243; _builder_version=&#8221;4.27.6&#8243; _module_preset=&#8221;default&#8221; global_colors_info=&#8221;{}&#8221;][et_pb_row _builder_version=&#8221;4.27.6&#8243; _module_preset=&#8221;default&#8221; background_image=&#8221;https:\/\/sodraledit.com\/farhultm\/wp-content\/uploads\/2026\/03\/15.jpg&#8221; parallax=&#8221;on&#8221; custom_margin=&#8221;|auto|3px|auto||&#8221; custom_padding=&#8221;||226px|||&#8221; global_colors_info=&#8221;{}&#8221;][et_pb_column type=&#8221;4_4&#8243; _builder_version=&#8221;4.27.6&#8243; _module_preset=&#8221;default&#8221; global_colors_info=&#8221;{}&#8221;][et_pb_text _builder_version=&#8221;4.27.6&#8243; _module_preset=&#8221;default&#8221; text_font=&#8221;|||on|||||&#8221; text_text_color=&#8221;#FFFFFF&#8221; text_font_size=&#8221;56px&#8221; background_layout=&#8221;dark&#8221; global_colors_info=&#8221;{}&#8221;]<\/p>\n<p>Bokningar<\/p>\n<p>[\/et_pb_text][\/et_pb_column][\/et_pb_row][et_pb_row column_structure=&#8221;1_2,1_2&#8243; _builder_version=&#8221;4.27.6&#8243; _module_preset=&#8221;default&#8221; global_colors_info=&#8221;{}&#8221;][et_pb_column type=&#8221;1_2&#8243; _builder_version=&#8221;4.27.6&#8243; _module_preset=&#8221;default&#8221; global_colors_info=&#8221;{}&#8221;][et_pb_text _builder_version=&#8221;4.27.6&#8243; _module_preset=&#8221;default&#8221; text_text_color=&#8221;#7CDA24&#8243; global_colors_info=&#8221;{}&#8221;]<\/p>\n<div class=\"Preview_componentWrapper__2i4QI\" data-id=\"4B0E48BE-C130-4FCF-A7C3-35BF34765A1A\" data-kind=\"TEXT\">\n<div class=\"Preview_component__SbiKo text-align-null\" data-in-template=\"false\" data-id=\"4B0E48BE-C130-4FCF-A7C3-35BF34765A1A\" data-kind=\"Component\" data-specific-kind=\"TEXT\">\n<div class=\"styles_contentContainer__lrPIa textnormal styles_text__3jGMu styles_invalidateHighlightAndShadows__2W3IH White themeTextClass accentColor\" data-mve-font-change=\"0\">\n<h1 class=\"textheading1 mobile-oversized\"><strong><span class=\"textheading1 mobile-oversized\">Boka M\u00f6llehuset<\/span><\/strong><\/h1>\n<h3 class=\"textheading3 mobile-oversized\">Lokal f\u00f6r den lilla festen f\u00f6delsedagen eller styrelsem\u00f6tet<\/h3>\n<\/div>\n<\/div>\n<\/div>\n<p>[\/et_pb_text][\/et_pb_column][et_pb_column type=&#8221;1_2&#8243; _builder_version=&#8221;4.27.6&#8243; _module_preset=&#8221;default&#8221; global_colors_info=&#8221;{}&#8221;][et_pb_text _builder_version=&#8221;4.27.6&#8243; _module_preset=&#8221;default&#8221; global_colors_info=&#8221;{}&#8221;]<\/p>\n<div class=\"Preview_componentWrapper__2i4QI\" data-id=\"BB3D5AE1-8B73-45DA-955C-3E5897A8E993\" data-kind=\"TEXT\">\n<div class=\"Preview_component__SbiKo text-align-null\" data-in-template=\"false\" data-id=\"BB3D5AE1-8B73-45DA-955C-3E5897A8E993\" data-kind=\"Component\" data-specific-kind=\"TEXT\">\n<div class=\"styles_contentContainer__lrPIa textnormal styles_text__3jGMu styles_invalidateHighlightAndShadows__2W3IH White themeTextClass\" data-mve-font-change=\"0\">\n<p>Farhults m\u00f6llekommitt\u00e9 hyr ut m\u00f6llehuset. Hyresint\u00e4kterna g\u00e5r oavkortat till underh\u00e5ll och drift av m\u00f6llan och m\u00f6llehuset.<\/p>\n<p>Halvdag 400 kr<\/p>\n<p>Heldag 700 kr<\/p>\n<p>L\u00e4ngre uthyrning enligt \u00f6verenskommelse.<\/p>\n<p>Fr\u00e5gor och bokning via mail till <strong><a href=\"mailto:bengtrune.nilsson@telia.com\">bengtrune.nilsson@telia.com<\/a><\/strong><\/p>\n<p><strong>Bengt: Tel: 0767-735412<\/strong><\/p>\n<p>&nbsp;<\/p>\n<h4><strong>Bokningar i kalender<\/strong><\/h4>\n<\/div>\n<\/div>\n<\/div>\n<p>[\/et_pb_text][\/et_pb_column][\/et_pb_row][et_pb_row column_structure=&#8221;1_2,1_2&#8243; _builder_version=&#8221;4.27.6&#8243; _module_preset=&#8221;default&#8221; global_colors_info=&#8221;{}&#8221;][et_pb_column type=&#8221;1_2&#8243; _builder_version=&#8221;4.27.6&#8243; _module_preset=&#8221;default&#8221; global_colors_info=&#8221;{}&#8221;][et_pb_text _builder_version=&#8221;4.27.6&#8243; _module_preset=&#8221;default&#8221; hover_enabled=&#8221;0&#8243; global_colors_info=&#8221;{}&#8221; sticky_enabled=&#8221;0&#8243;]<iframe loading=\"lazy\" width=\"80%\" height=\"1400px\" src=\"https:\/\/lokalbokningar.se\/boka\/mollehuset\/form\/\" title=\"Bokningsformul\u00e4r\" frameborder=\"0\"><\/iframe>[\/et_pb_text][\/et_pb_column][et_pb_column type=&#8221;1_2&#8243; _builder_version=&#8221;4.27.6&#8243; _module_preset=&#8221;default&#8221; global_colors_info=&#8221;{}&#8221;][et_pb_text _builder_version=&#8221;4.27.6&#8243; _module_preset=&#8221;default&#8221; global_colors_info=&#8221;{}&#8221;]<iframe loading=\"lazy\" width=\"100%\" height=\"600px\" src=\"https:\/\/lokalbokningar.se\/boka\/mollehuset\/calendar\" title=\"Bokningskalender\" frameborder=\"0\"><\/iframe>[\/et_pb_text][\/et_pb_column][\/et_pb_row][et_pb_row column_structure=&#8221;1_5,3_5,1_5&#8243; _builder_version=&#8221;4.27.6&#8243; _module_preset=&#8221;default&#8221; global_colors_info=&#8221;{}&#8221;][et_pb_column type=&#8221;1_5&#8243; _builder_version=&#8221;4.27.6&#8243; _module_preset=&#8221;default&#8221; global_colors_info=&#8221;{}&#8221;][\/et_pb_column][et_pb_column type=&#8221;3_5&#8243; _builder_version=&#8221;4.27.6&#8243; _module_preset=&#8221;default&#8221; global_colors_info=&#8221;{}&#8221;][et_pb_slider use_bg_overlay=&#8221;off&#8221; use_text_overlay=&#8221;off&#8221; arrows_custom_color=&#8221;#E09900&#8243; disabled_on=&#8221;off|off|off&#8221; admin_label=&#8221;Slider new pic &#8221; _builder_version=&#8221;4.27.6&#8243; background_position=&#8221;top_left&#8221; transform_scale=&#8221;136%|136%&#8221; vertical_offset_tablet=&#8221;0&#8243; horizontal_offset_tablet=&#8221;0&#8243; height=&#8221;463px&#8221; max_height=&#8221;488px&#8221; custom_margin=&#8221;0px||0px||false|false&#8221; custom_padding=&#8221;0px|0px|0px|0px|false|false&#8221; custom_padding_tablet=&#8221;|||&#8221; auto=&#8221;on&#8221; z_index_tablet=&#8221;500&#8243; header_text_shadow_horizontal_length_tablet=&#8221;0px&#8221; header_text_shadow_vertical_length_tablet=&#8221;0px&#8221; header_text_shadow_blur_strength_tablet=&#8221;1px&#8221; body_text_shadow_horizontal_length_tablet=&#8221;0px&#8221; body_text_shadow_vertical_length_tablet=&#8221;0px&#8221; body_text_shadow_blur_strength_tablet=&#8221;1px&#8221; body_link_text_shadow_horizontal_length_tablet=&#8221;0px&#8221; body_link_text_shadow_vertical_length_tablet=&#8221;0px&#8221; body_link_text_shadow_blur_strength_tablet=&#8221;1px&#8221; body_ul_text_shadow_horizontal_length_tablet=&#8221;0px&#8221; body_ul_text_shadow_vertical_length_tablet=&#8221;0px&#8221; body_ul_text_shadow_blur_strength_tablet=&#8221;1px&#8221; body_ol_text_shadow_horizontal_length_tablet=&#8221;0px&#8221; body_ol_text_shadow_vertical_length_tablet=&#8221;0px&#8221; body_ol_text_shadow_blur_strength_tablet=&#8221;1px&#8221; body_quote_text_shadow_horizontal_length_tablet=&#8221;0px&#8221; body_quote_text_shadow_vertical_length_tablet=&#8221;0px&#8221; body_quote_text_shadow_blur_strength_tablet=&#8221;1px&#8221; button_text_shadow_horizontal_length_tablet=&#8221;0px&#8221; button_text_shadow_vertical_length_tablet=&#8221;0px&#8221; button_text_shadow_blur_strength_tablet=&#8221;1px&#8221; box_shadow_horizontal_tablet=&#8221;0px&#8221; box_shadow_vertical_tablet=&#8221;0px&#8221; box_shadow_spread_tablet=&#8221;0px&#8221; box_shadow_horizontal_image_tablet=&#8221;0px&#8221; box_shadow_vertical_image_tablet=&#8221;0px&#8221; box_shadow_blur_image_tablet=&#8221;40px&#8221; box_shadow_spread_image_tablet=&#8221;0px&#8221; box_shadow_horizontal_button_tablet=&#8221;0px&#8221; box_shadow_vertical_button_tablet=&#8221;0px&#8221; box_shadow_blur_button_tablet=&#8221;40px&#8221; box_shadow_spread_button_tablet=&#8221;0px&#8221; text_shadow_horizontal_length_tablet=&#8221;0px&#8221; text_shadow_vertical_length_tablet=&#8221;0px&#8221; text_shadow_blur_strength_tablet=&#8221;1px&#8221; locked=&#8221;off&#8221; global_colors_info=&#8221;{}&#8221; button_text_size__hover_enabled=&#8221;off&#8221; button_text_size__hover=&#8221;null&#8221; button_one_text_size__hover_enabled=&#8221;off&#8221; button_one_text_size__hover=&#8221;null&#8221; button_two_text_size__hover_enabled=&#8221;off&#8221; button_two_text_size__hover=&#8221;null&#8221; button_text_color__hover_enabled=&#8221;off&#8221; button_text_color__hover=&#8221;null&#8221; button_one_text_color__hover_enabled=&#8221;off&#8221; button_one_text_color__hover=&#8221;null&#8221; button_two_text_color__hover_enabled=&#8221;off&#8221; button_two_text_color__hover=&#8221;null&#8221; button_border_width__hover_enabled=&#8221;off&#8221; button_border_width__hover=&#8221;null&#8221; button_one_border_width__hover_enabled=&#8221;off&#8221; button_one_border_width__hover=&#8221;null&#8221; button_two_border_width__hover_enabled=&#8221;off&#8221; button_two_border_width__hover=&#8221;null&#8221; button_border_color__hover_enabled=&#8221;off&#8221; button_border_color__hover=&#8221;null&#8221; button_one_border_color__hover_enabled=&#8221;off&#8221; button_one_border_color__hover=&#8221;null&#8221; button_two_border_color__hover_enabled=&#8221;off&#8221; button_two_border_color__hover=&#8221;null&#8221; button_border_radius__hover_enabled=&#8221;off&#8221; button_border_radius__hover=&#8221;null&#8221; button_one_border_radius__hover_enabled=&#8221;off&#8221; button_one_border_radius__hover=&#8221;null&#8221; button_two_border_radius__hover_enabled=&#8221;off&#8221; button_two_border_radius__hover=&#8221;null&#8221; button_letter_spacing__hover_enabled=&#8221;off&#8221; button_letter_spacing__hover=&#8221;null&#8221; button_one_letter_spacing__hover_enabled=&#8221;off&#8221; button_one_letter_spacing__hover=&#8221;null&#8221; button_two_letter_spacing__hover_enabled=&#8221;off&#8221; button_two_letter_spacing__hover=&#8221;null&#8221; button_bg_color__hover_enabled=&#8221;off&#8221; button_bg_color__hover=&#8221;null&#8221; button_one_bg_color__hover_enabled=&#8221;off&#8221; button_one_bg_color__hover=&#8221;null&#8221; button_two_bg_color__hover_enabled=&#8221;off&#8221; button_two_bg_color__hover=&#8221;null&#8221;][et_pb_slide image=&#8221;https:\/\/sodraledit.com\/farhultm\/wp-content\/uploads\/2026\/03\/15.jpg&#8221; arrows_custom_color=&#8221;#E09900&#8243; admin_title=&#8221;Slide t 1&#8243; _builder_version=&#8221;4.27.6&#8243; _module_preset=&#8221;default&#8221; background_color=&#8221;#FFFFFF&#8221; background_enable_color=&#8221;on&#8221; background_enable_image=&#8221;off&#8221; background_layout=&#8221;light&#8221; max_width=&#8221;124%&#8221; locked=&#8221;off&#8221; global_colors_info=&#8221;{}&#8221; sticky_transition=&#8221;on&#8221;]<\/p>\n<p><strong>M\u00f6llan<\/strong><\/p>\n<p>[\/et_pb_slide][et_pb_slide image=&#8221;https:\/\/sodraledit.com\/farhultm\/wp-content\/uploads\/2026\/03\/huset01.jpg&#8221; admin_title=&#8221;Slide t 2&#8243; _builder_version=&#8221;4.27.6&#8243; _module_preset=&#8221;default&#8221; background_color=&#8221;#FFFFFF&#8221; background_enable_color=&#8221;on&#8221; background_enable_image=&#8221;off&#8221; background_size=&#8221;custom&#8221; background_image_height=&#8221;0%&#8221; background_layout=&#8221;light&#8221; locked=&#8221;off&#8221; global_colors_info=&#8221;{}&#8221; sticky_transition=&#8221;on&#8221;]<\/p>\n<p>M\u00f6llehuset f\u00f6r uthyrning<\/p>\n<p>[\/et_pb_slide][et_pb_slide image=&#8221;https:\/\/sodraledit.com\/farhultm\/wp-content\/uploads\/2026\/04\/huset02.jpg&#8221; arrows_custom_color=&#8221;#E09900&#8243; admin_title=&#8221;Slide t 3&#8243; _builder_version=&#8221;4.27.6&#8243; _module_preset=&#8221;default&#8221; background_color=&#8221;#FFFFFF&#8221; background_enable_color=&#8221;on&#8221; background_enable_image=&#8221;off&#8221; background_layout=&#8221;light&#8221; locked=&#8221;off&#8221; global_colors_info=&#8221;{}&#8221; sticky_transition=&#8221;on&#8221;]<\/p>\n<p>M\u00f6llehuset f\u00f6r uthyrning<\/p>\n<p>[\/et_pb_slide][et_pb_slide image=&#8221;https:\/\/sodraledit.com\/farhultm\/wp-content\/uploads\/2026\/04\/huset03.jpg&#8221; arrows_custom_color=&#8221;#E09900&#8243; admin_title=&#8221;Bild 4&#8243; _builder_version=&#8221;4.27.6&#8243; _module_preset=&#8221;default&#8221; background_color=&#8221;#FFFFFF&#8221; background_enable_color=&#8221;on&#8221; background_layout=&#8221;light&#8221; locked=&#8221;off&#8221; global_colors_info=&#8221;{}&#8221; sticky_transition=&#8221;on&#8221;]<\/p>\n<p>M\u00f6llehuset f\u00f6r uthyrning<\/p>\n<p>[\/et_pb_slide][et_pb_slide image=&#8221;https:\/\/sodraledit.com\/farhultm\/wp-content\/uploads\/2026\/04\/IMG_2780___serialized1.jpg&#8221; arrows_custom_color=&#8221;#E09900&#8243; admin_title=&#8221;Bild 5&#8243; _builder_version=&#8221;4.27.6&#8243; _module_preset=&#8221;default&#8221; background_color=&#8221;#FFFFFF&#8221; background_enable_color=&#8221;on&#8221; background_layout=&#8221;light&#8221; locked=&#8221;off&#8221; global_colors_info=&#8221;{}&#8221; sticky_transition=&#8221;on&#8221;]<\/p>\n<p>M\u00f6llemarknad 2023<\/p>\n<p>[\/et_pb_slide][et_pb_slide image=&#8221;https:\/\/sodraledit.com\/farhultm\/wp-content\/uploads\/2026\/04\/IMG_2776.jpg&#8221; arrows_custom_color=&#8221;#E09900&#8243; admin_title=&#8221;Bild 6&#8243; _builder_version=&#8221;4.27.6&#8243; _module_preset=&#8221;default&#8221; background_color=&#8221;#FFFFFF&#8221; background_enable_color=&#8221;on&#8221; background_layout=&#8221;light&#8221; locked=&#8221;off&#8221; global_colors_info=&#8221;{}&#8221; sticky_transition=&#8221;on&#8221;]<\/p>\n<p>M\u00f6llemarknad 2023<\/p>\n<p>[\/et_pb_slide][et_pb_slide image=&#8221;https:\/\/sodraledit.com\/farhultm\/wp-content\/uploads\/2026\/04\/IMG_2773.jpg&#8221; arrows_custom_color=&#8221;#E09900&#8243; admin_title=&#8221;Bild 7&#8243; _builder_version=&#8221;4.27.6&#8243; _module_preset=&#8221;default&#8221; background_color=&#8221;#FFFFFF&#8221; background_enable_color=&#8221;on&#8221; background_layout=&#8221;light&#8221; locked=&#8221;off&#8221; global_colors_info=&#8221;{}&#8221; sticky_transition=&#8221;on&#8221;]<\/p>\n<p>M\u00f6llemarknad 2023<\/p>\n<p>[\/et_pb_slide][et_pb_slide image=&#8221;https:\/\/sodraledit.com\/farhultm\/wp-content\/uploads\/2026\/03\/15.jpg&#8221; arrows_custom_color=&#8221;#E09900&#8243; admin_title=&#8221;Bild 8&#8243; _builder_version=&#8221;4.27.6&#8243; _module_preset=&#8221;default&#8221; background_color=&#8221;#FFFFFF&#8221; background_enable_color=&#8221;on&#8221; background_enable_image=&#8221;off&#8221; background_layout=&#8221;light&#8221; max_width=&#8221;124%&#8221; locked=&#8221;off&#8221; global_colors_info=&#8221;{}&#8221; sticky_transition=&#8221;on&#8221;]<\/p>\n<p>Nya vingar 2015<\/p>\n<p>[\/et_pb_slide][et_pb_slide image=&#8221;https:\/\/sodraledit.com\/farhultm\/wp-content\/uploads\/2026\/04\/7.jpg&#8221; arrows_custom_color=&#8221;#E09900&#8243; admin_title=&#8221;Bild 9&#8243; _builder_version=&#8221;4.27.6&#8243; _module_preset=&#8221;default&#8221; background_color=&#8221;#FFFFFF&#8221; background_enable_color=&#8221;on&#8221; background_layout=&#8221;light&#8221; locked=&#8221;off&#8221; global_colors_info=&#8221;{}&#8221; sticky_transition=&#8221;on&#8221;]<\/p>\n<p>Nya vingar 2015<\/p>\n<p>[\/et_pb_slide][et_pb_slide image=&#8221;https:\/\/sodraledit.com\/farhultm\/wp-content\/uploads\/2026\/04\/4.jpg&#8221; arrows_custom_color=&#8221;#E09900&#8243; admin_title=&#8221;Bild 10&#8243; _builder_version=&#8221;4.27.6&#8243; _module_preset=&#8221;default&#8221; background_color=&#8221;#FFFFFF&#8221; background_enable_color=&#8221;on&#8221; background_layout=&#8221;light&#8221; locked=&#8221;off&#8221; global_colors_info=&#8221;{}&#8221; sticky_transition=&#8221;on&#8221;]<\/p>\n<p>Nya vingar 2015<\/p>\n<p>[\/et_pb_slide][et_pb_slide image=&#8221;https:\/\/sodraledit.com\/farhultm\/wp-content\/uploads\/2026\/04\/5.jpg&#8221; arrows_custom_color=&#8221;#E09900&#8243; admin_title=&#8221;Bild 11&#8243; _builder_version=&#8221;4.27.6&#8243; _module_preset=&#8221;default&#8221; background_color=&#8221;#FFFFFF&#8221; background_enable_color=&#8221;on&#8221; background_layout=&#8221;light&#8221; locked=&#8221;off&#8221; global_colors_info=&#8221;{}&#8221; sticky_transition=&#8221;on&#8221;]<\/p>\n<p>Nya vingar 2015<\/p>\n<p>[\/et_pb_slide][et_pb_slide image=&#8221;https:\/\/sodraledit.com\/farhultm\/wp-content\/uploads\/2026\/04\/6.jpg&#8221; arrows_custom_color=&#8221;#E09900&#8243; admin_title=&#8221;Bild 12&#8243; _builder_version=&#8221;4.27.6&#8243; _module_preset=&#8221;default&#8221; background_color=&#8221;#FFFFFF&#8221; background_enable_color=&#8221;on&#8221; background_layout=&#8221;light&#8221; locked=&#8221;off&#8221; global_colors_info=&#8221;{}&#8221; sticky_transition=&#8221;on&#8221;]<\/p>\n<p>Nya vingar 2015<\/p>\n<p>[\/et_pb_slide][et_pb_slide image=&#8221;https:\/\/sodraledit.com\/farhultm\/wp-content\/uploads\/2026\/04\/8.jpg&#8221; arrows_custom_color=&#8221;#E09900&#8243; admin_title=&#8221;Bild 13&#8243; _builder_version=&#8221;4.27.6&#8243; _module_preset=&#8221;default&#8221; background_color=&#8221;#FFFFFF&#8221; background_enable_color=&#8221;on&#8221; background_layout=&#8221;light&#8221; locked=&#8221;off&#8221; global_colors_info=&#8221;{}&#8221; sticky_transition=&#8221;on&#8221;]<\/p>\n<p>Nya vingar 2015<\/p>\n<p>[\/et_pb_slide][et_pb_slide image=&#8221;https:\/\/sodraledit.com\/farhultm\/wp-content\/uploads\/2026\/04\/10.jpg&#8221; arrows_custom_color=&#8221;#E09900&#8243; admin_title=&#8221;Bild 14&#8243; _builder_version=&#8221;4.27.6&#8243; _module_preset=&#8221;default&#8221; background_color=&#8221;#FFFFFF&#8221; background_enable_color=&#8221;on&#8221; background_layout=&#8221;light&#8221; locked=&#8221;off&#8221; global_colors_info=&#8221;{}&#8221; sticky_transition=&#8221;on&#8221;]<\/p>\n<p>Nya vingar 2015<\/p>\n<p>[\/et_pb_slide][et_pb_slide image=&#8221;https:\/\/sodraledit.com\/farhultm\/wp-content\/uploads\/2026\/04\/11.jpg&#8221; arrows_custom_color=&#8221;#E09900&#8243; admin_title=&#8221;Bild 15&#8243; _builder_version=&#8221;4.27.6&#8243; _module_preset=&#8221;default&#8221; background_color=&#8221;#FFFFFF&#8221; background_enable_color=&#8221;on&#8221; background_layout=&#8221;light&#8221; locked=&#8221;off&#8221; global_colors_info=&#8221;{}&#8221; sticky_transition=&#8221;on&#8221;]<\/p>\n<p>Nya vingar 2015<\/p>\n<p>[\/et_pb_slide][et_pb_slide image=&#8221;https:\/\/sodraledit.com\/farhultm\/wp-content\/uploads\/2026\/04\/12.jpg&#8221; arrows_custom_color=&#8221;#E09900&#8243; admin_title=&#8221;Bild 16&#8243; _builder_version=&#8221;4.27.6&#8243; _module_preset=&#8221;default&#8221; background_color=&#8221;#FFFFFF&#8221; background_enable_color=&#8221;on&#8221; background_layout=&#8221;light&#8221; locked=&#8221;off&#8221; global_colors_info=&#8221;{}&#8221; sticky_transition=&#8221;on&#8221;]<\/p>\n<p>Nya vingar 2015<\/p>\n<p>[\/et_pb_slide][et_pb_slide image=&#8221;https:\/\/sodraledit.com\/farhultm\/wp-content\/uploads\/2026\/04\/13.jpg&#8221; arrows_custom_color=&#8221;#E09900&#8243; admin_title=&#8221;Bild 17&#8243; _builder_version=&#8221;4.27.6&#8243; _module_preset=&#8221;default&#8221; background_color=&#8221;#FFFFFF&#8221; background_enable_color=&#8221;on&#8221; background_layout=&#8221;light&#8221; locked=&#8221;off&#8221; global_colors_info=&#8221;{}&#8221; sticky_transition=&#8221;on&#8221;]<\/p>\n<p>Nya vingar 2015<\/p>\n<p>[\/et_pb_slide][\/et_pb_slider][\/et_pb_column][et_pb_column type=&#8221;1_5&#8243; _builder_version=&#8221;4.27.6&#8243; _module_preset=&#8221;default&#8221; global_colors_info=&#8221;{}&#8221;][\/et_pb_column][\/et_pb_row][\/et_pb_section]<\/p>\n","protected":false},"excerpt":{"rendered":"<p>Bokningar Boka M\u00f6llehuset Lokal f\u00f6r den lilla festen f\u00f6delsedagen eller styrelsem\u00f6tet Farhults m\u00f6llekommitt\u00e9 hyr ut m\u00f6llehuset. Hyresint\u00e4kterna g\u00e5r oavkortat till underh\u00e5ll och drift av m\u00f6llan och m\u00f6llehuset. Halvdag 400 kr Heldag 700 kr L\u00e4ngre uthyrning enligt \u00f6verenskommelse. Fr\u00e5gor och bokning via mail till bengtrune.nilsson@telia.com Bengt: Tel: 0767-735412 &nbsp; Bokningar i kalender M\u00f6llanM\u00f6llehuset f\u00f6r uthyrningM\u00f6llehuset f\u00f6r [&hellip;]<\/p>\n","protected":false},"author":1,"featured_media":0,"parent":0,"menu_order":0,"comment_status":"closed","ping_status":"closed","template":"","meta":{"_et_pb_use_builder":"on","_et_pb_old_content":"","_et_gb_content_width":"","footnotes":""},"class_list":["post-3673","page","type-page","status-publish","hentry"],"_links":{"self":[{"href":"https:\/\/sodraledit.com\/farhultm\/wp-json\/wp\/v2\/pages\/3673","targetHints":{"allow":["GET"]}}],"collection":[{"href":"https:\/\/sodraledit.com\/farhultm\/wp-json\/wp\/v2\/pages"}],"about":[{"href":"https:\/\/sodraledit.com\/farhultm\/wp-json\/wp\/v2\/types\/page"}],"author":[{"embeddable":true,"href":"https:\/\/sodraledit.com\/farhultm\/wp-json\/wp\/v2\/users\/1"}],"replies":[{"embeddable":true,"href":"https:\/\/sodraledit.com\/farhultm\/wp-json\/wp\/v2\/comments?post=3673"}],"version-history":[{"count":22,"href":"https:\/\/sodraledit.com\/farhultm\/wp-json\/wp\/v2\/pages\/3673\/revisions"}],"predecessor-version":[{"id":3899,"href":"https:\/\/sodraledit.com\/farhultm\/wp-json\/wp\/v2\/pages\/3673\/revisions\/3899"}],"wp:attachment":[{"href":"https:\/\/sodraledit.com\/farhultm\/wp-json\/wp\/v2\/media?parent=3673"}],"curies":[{"name":"wp","href":"https:\/\/api.w.org\/{rel}","templated":true}]}}