{"id":3669,"date":"2026-04-07T18:43:28","date_gmt":"2026-04-07T18:43:28","guid":{"rendered":"https:\/\/sodraledit.com\/farhultm\/?page_id=3669"},"modified":"2026-04-08T20:19:14","modified_gmt":"2026-04-08T20:19:14","slug":"mollemarknad","status":"publish","type":"page","link":"https:\/\/sodraledit.com\/farhultm\/mollemarknad\/","title":{"rendered":"M\u00f6llemarknad"},"content":{"rendered":"<p>[et_pb_section fb_built=&#8221;1&#8243; _builder_version=&#8221;4.27.6&#8243; _module_preset=&#8221;default&#8221; global_colors_info=&#8221;{}&#8221;][et_pb_row _builder_version=&#8221;4.27.6&#8243; _module_preset=&#8221;default&#8221; background_image=&#8221;https:\/\/sodraledit.com\/farhultm\/wp-content\/uploads\/2026\/03\/15.jpg&#8221; parallax=&#8221;on&#8221; custom_margin=&#8221;|auto|3px|auto||&#8221; custom_padding=&#8221;||226px|||&#8221; global_colors_info=&#8221;{}&#8221; theme_builder_area=&#8221;post_content&#8221;][et_pb_column type=&#8221;4_4&#8243; _builder_version=&#8221;4.27.6&#8243; _module_preset=&#8221;default&#8221; global_colors_info=&#8221;{}&#8221; theme_builder_area=&#8221;post_content&#8221;][et_pb_text _builder_version=&#8221;4.27.6&#8243; _module_preset=&#8221;default&#8221; text_font=&#8221;|||on|||||&#8221; text_text_color=&#8221;#FFFFFF&#8221; text_font_size=&#8221;56px&#8221; background_layout=&#8221;dark&#8221; hover_enabled=&#8221;0&#8243; global_colors_info=&#8221;{}&#8221; theme_builder_area=&#8221;post_content&#8221; sticky_enabled=&#8221;0&#8243;]<\/p>\n<p>M\u00f6llemarknad<\/p>\n<p>[\/et_pb_text][\/et_pb_column][\/et_pb_row][et_pb_row column_structure=&#8221;1_4,1_4,1_2&#8243; _builder_version=&#8221;4.27.6&#8243; _module_preset=&#8221;default&#8221; global_colors_info=&#8221;{}&#8221;][et_pb_column type=&#8221;1_4&#8243; _builder_version=&#8221;4.27.6&#8243; _module_preset=&#8221;default&#8221; global_colors_info=&#8221;{}&#8221;][\/et_pb_column][et_pb_column type=&#8221;1_4&#8243; _builder_version=&#8221;4.27.6&#8243; _module_preset=&#8221;default&#8221; global_colors_info=&#8221;{}&#8221;][et_pb_text _builder_version=&#8221;4.27.6&#8243; _module_preset=&#8221;default&#8221; background_color=&#8221;#aed7b3&#8243; global_colors_info=&#8221;{}&#8221;]<\/p>\n<h1 class=\"textheading2 mobile-oversized\"><span class=\"textheading2 mobile-oversized\">Farhults<\/span><\/h1>\n<h1 class=\"textheading2 mobile-oversized\"><span class=\"textheading2 mobile-oversized\"> M\u00f6llemarknad 2026<\/span><\/h1>\n<h1 class=\"textheading2 mobile-oversized\"><span class=\"textheading2 mobile-oversized\">18\/7 kl 12.30-16.00<\/span><\/h1>\n<p class=\"mobile-undersized-upper\"><span class=\"mobile-undersized-upper\">V\u00e4lkomna till v\u00e5r marknad d\u00e4r vi samlat lokala hantverkare och utst\u00e4llare som ges m\u00f6jlighet att visa och s\u00e4lja sina alster.<\/span><\/p>\n<p class=\"mobile-undersized-upper\"><span class=\"mobile-undersized-upper\">Det kommer att finnas fika hembakat v\u00e5fflor korv till f\u00f6rs\u00e4ljning och \u00e4ven ett lotteri med finfina vinster, bland annat fr\u00e5n v\u00e5ra utst\u00e4llare.<\/span><\/p>\n<p><span class=\"mobile-undersized-upper\">Vill du vara med och st\u00e4lla ut?<\/span><\/p>\n<p class=\"mobile-undersized-upper\"><span class=\"mobile-undersized-upper\">H\u00f6r av dig p\u00e5 <a class=\"link1\" href=\"mailto:info@farhultsmolla.se\">info@farhultsmolla.se<\/a> eller p\u00e5 telnr 072 53 60 132 till Jan.<\/span><\/p>\n<p class=\"mobile-undersized-upper\"><span class=\"mobile-undersized-upper\">F\u00f6r mer info: F\u00f6lj Farhults M\u00f6lla p\u00e5 fb eller g\u00e5 in p\u00e5 v\u00e5r hemsida www.farhultsmolla.se<\/span><\/p>\n<p class=\"mobile-undersized-upper\"><span class=\"mobile-undersized-upper\">V\u00e4lkomna att \u00e4ven bes\u00f6ka v\u00e5r m\u00f6lla:<\/span><\/p>\n<p class=\"mobile-undersized-upper\"><strong><span class=\"mobile-undersized-upper\">5\/4 P\u00e5skdagen<\/span><\/strong><\/p>\n<p class=\"mobile-undersized-upper\"><strong><span class=\"mobile-undersized-upper\">2\/8 Hembygdens dag<\/span><\/strong><\/p>\n<p>[\/et_pb_text][\/et_pb_column][et_pb_column type=&#8221;1_2&#8243; _builder_version=&#8221;4.27.6&#8243; _module_preset=&#8221;default&#8221; global_colors_info=&#8221;{}&#8221;][et_pb_image src=&#8221;https:\/\/sodraledit.com\/farhultm\/wp-content\/uploads\/2026\/03\/15.jpg&#8221; title_text=&#8221;15&#8243; show_in_lightbox=&#8221;on&#8221; _builder_version=&#8221;4.27.6&#8243; _module_preset=&#8221;default&#8221; global_colors_info=&#8221;{}&#8221;][\/et_pb_image][et_pb_image src=&#8221;https:\/\/sodraledit.com\/farhultm\/wp-content\/uploads\/2026\/04\/Mollemarknad_3_bild.jpg&#8221; title_text=&#8221;Mollemarknad_3_bild&#8221; show_in_lightbox=&#8221;on&#8221; _builder_version=&#8221;4.27.6&#8243; _module_preset=&#8221;default&#8221; width=&#8221;100%&#8221; global_colors_info=&#8221;{}&#8221;][\/et_pb_image][\/et_pb_column][\/et_pb_row][et_pb_row column_structure=&#8221;1_2,1_2&#8243; _builder_version=&#8221;4.27.6&#8243; _module_preset=&#8221;default&#8221; background_color=&#8221;#aed7b3&#8243; global_colors_info=&#8221;{}&#8221;][et_pb_column type=&#8221;1_2&#8243; _builder_version=&#8221;4.27.6&#8243; _module_preset=&#8221;default&#8221; global_colors_info=&#8221;{}&#8221;][et_pb_text _builder_version=&#8221;4.27.6&#8243; _module_preset=&#8221;default&#8221; custom_margin=&#8221;|15px|||false|false&#8221; global_colors_info=&#8221;{}&#8221;]<\/p>\n<h1 class=\"textheading1 mobile-oversized\" style=\"text-align: right;\"><span class=\"textheading1 mobile-oversized\">M\u00f6llemarknad <\/span><\/h1>\n<h1 class=\"textheading1 mobile-oversized\" style=\"text-align: right;\"><span class=\"textheading1 mobile-oversized\">2025<\/span><\/h1>\n<p>[\/et_pb_text][\/et_pb_column][et_pb_column type=&#8221;1_2&#8243; _builder_version=&#8221;4.27.6&#8243; _module_preset=&#8221;default&#8221; global_colors_info=&#8221;{}&#8221;][et_pb_text _builder_version=&#8221;4.27.6&#8243; _module_preset=&#8221;default&#8221; global_colors_info=&#8221;{}&#8221;]<\/p>\n<p style=\"text-align: left;\">Farhults M\u00f6llemarknad 2025 var en succ\u00e9 med med 25-talet utst\u00e4llare<br \/>och m\u00e5nga bes\u00f6kare som botaniserade ibland deras alster och k\u00f6pte med sig<br \/>hem.<\/p>\n<p>[\/et_pb_text][\/et_pb_column][\/et_pb_row][et_pb_row _builder_version=&#8221;4.27.6&#8243; _module_preset=&#8221;default&#8221; global_colors_info=&#8221;{}&#8221;][et_pb_column type=&#8221;4_4&#8243; _builder_version=&#8221;4.27.6&#8243; _module_preset=&#8221;default&#8221; global_colors_info=&#8221;{}&#8221;][et_pb_gallery gallery_ids=&#8221;3715,3588,3714,3767,3774,3775,3776&#8243; posts_number=&#8221;7&#8243; show_title_and_caption=&#8221;off&#8221; _builder_version=&#8221;4.27.6&#8243; _module_preset=&#8221;default&#8221; transform_scale=&#8221;112%|112%&#8221; border_width_all=&#8221;2px&#8221; border_color_all=&#8221;#FFFFFF&#8221; global_colors_info=&#8221;{}&#8221;][\/et_pb_gallery][\/et_pb_column][\/et_pb_row][\/et_pb_section]<\/p>\n","protected":false},"excerpt":{"rendered":"<p>M\u00f6llemarknadFarhults M\u00f6llemarknad 2026 18\/7 kl 12.30-16.00 V\u00e4lkomna till v\u00e5r marknad d\u00e4r vi samlat lokala hantverkare och utst\u00e4llare som ges m\u00f6jlighet att visa och s\u00e4lja sina alster. Det kommer att finnas fika hembakat v\u00e5fflor korv till f\u00f6rs\u00e4ljning och \u00e4ven ett lotteri med finfina vinster, bland annat fr\u00e5n v\u00e5ra utst\u00e4llare. Vill du vara med och st\u00e4lla ut? [&hellip;]<\/p>\n","protected":false},"author":1,"featured_media":0,"parent":0,"menu_order":0,"comment_status":"closed","ping_status":"closed","template":"","meta":{"_et_pb_use_builder":"on","_et_pb_old_content":"","_et_gb_content_width":"","footnotes":""},"class_list":["post-3669","page","type-page","status-publish","hentry"],"_links":{"self":[{"href":"https:\/\/sodraledit.com\/farhultm\/wp-json\/wp\/v2\/pages\/3669","targetHints":{"allow":["GET"]}}],"collection":[{"href":"https:\/\/sodraledit.com\/farhultm\/wp-json\/wp\/v2\/pages"}],"about":[{"href":"https:\/\/sodraledit.com\/farhultm\/wp-json\/wp\/v2\/types\/page"}],"author":[{"embeddable":true,"href":"https:\/\/sodraledit.com\/farhultm\/wp-json\/wp\/v2\/users\/1"}],"replies":[{"embeddable":true,"href":"https:\/\/sodraledit.com\/farhultm\/wp-json\/wp\/v2\/comments?post=3669"}],"version-history":[{"count":31,"href":"https:\/\/sodraledit.com\/farhultm\/wp-json\/wp\/v2\/pages\/3669\/revisions"}],"predecessor-version":[{"id":3897,"href":"https:\/\/sodraledit.com\/farhultm\/wp-json\/wp\/v2\/pages\/3669\/revisions\/3897"}],"wp:attachment":[{"href":"https:\/\/sodraledit.com\/farhultm\/wp-json\/wp\/v2\/media?parent=3669"}],"curies":[{"name":"wp","href":"https:\/\/api.w.org\/{rel}","templated":true}]}}